{"id":349,"date":"2020-11-03T12:35:09","date_gmt":"2020-11-03T11:35:09","guid":{"rendered":"https:\/\/wp.joholm.se\/?page_id=349"},"modified":"2020-11-24T12:22:51","modified_gmt":"2020-11-24T11:22:51","slug":"konferens-sommar","status":"publish","type":"page","link":"https:\/\/wp.joholm.se\/en\/konferens-sommar\/","title":{"rendered":"Konferens sommar"},"content":{"rendered":"<div data-elementor-type=\"wp-page\" data-elementor-id=\"349\" class=\"elementor elementor-349\" data-elementor-settings=\"[]\">\n\t\t\t\t\t\t<div class=\"elementor-inner\">\n\t\t\t\t\t\t\t<div class=\"elementor-section-wrap\">\n\t\t\t\t\t\t\t<section class=\"elementor-section elementor-top-section elementor-element elementor-element-aaadabb elementor-section-full_width elementor-section-height-min-height elementor-section-height-default elementor-section-items-middle\" data-id=\"aaadabb\" data-element_type=\"section\" data-settings=\"{&quot;background_background&quot;:&quot;classic&quot;}\">\n\t\t\t\t\t\t\t<div class=\"elementor-background-overlay\"><\/div>\n\t\t\t\t\t\t\t<div class=\"elementor-container elementor-column-gap-default\">\n\t\t\t\t\t\t\t<div class=\"elementor-row\">\n\t\t\t\t\t<div class=\"elementor-column elementor-col-100 elementor-top-column elementor-element elementor-element-73ce051\" data-id=\"73ce051\" data-element_type=\"column\">\n\t\t\t<div class=\"elementor-column-wrap elementor-element-populated\">\n\t\t\t\t\t\t\t<div class=\"elementor-widget-wrap\">\n\t\t\t\t\t\t<section class=\"elementor-section elementor-inner-section elementor-element elementor-element-d32e63a elementor-section-full_width elementor-section-height-default elementor-section-height-default\" data-id=\"d32e63a\" data-element_type=\"section\">\n\t\t\t\t\t\t<div class=\"elementor-container elementor-column-gap-default\">\n\t\t\t\t\t\t\t<div class=\"elementor-row\">\n\t\t\t\t\t<div class=\"elementor-column elementor-col-33 elementor-inner-column elementor-element elementor-element-2679c3f\" data-id=\"2679c3f\" data-element_type=\"column\">\n\t\t\t<div class=\"elementor-column-wrap elementor-element-populated\">\n\t\t\t\t\t\t\t<div class=\"elementor-widget-wrap\">\n\t\t\t\t\t\t<div class=\"elementor-element elementor-element-d6e28cc elementor-widget elementor-widget-heading\" data-id=\"d6e28cc\" data-element_type=\"widget\" data-widget_type=\"heading.default\">\n\t\t\t\t<div class=\"elementor-widget-container\">\n\t\t\t<h2 class=\"elementor-heading-title elementor-size-default\">Summer programme<\/h2>\t\t<\/div>\n\t\t\t\t<\/div>\n\t\t\t\t<div class=\"elementor-element elementor-element-bd380ba elementor-widget elementor-widget-text-editor\" data-id=\"bd380ba\" data-element_type=\"widget\" data-widget_type=\"text-editor.default\">\n\t\t\t\t<div class=\"elementor-widget-container\">\n\t\t\t\t\t<div class=\"elementor-text-editor elementor-clearfix\"><p>We have a range of summer programmes for groups and businesses. <span class=\"JLqJ4b ChMk0b\" data-language-for-alternatives=\"sv\" data-language-to-translate-into=\"en\" data-phrase-index=\"1\">We can develop a programme with specific activities that you wish to do or you can use one of our current activity programmes.<\/span><\/p><\/div>\n\t\t\t\t<\/div>\n\t\t\t\t<\/div>\n\t\t\t\t\t\t<\/div>\n\t\t\t\t\t<\/div>\n\t\t<\/div>\n\t\t\t\t<div class=\"elementor-column elementor-col-33 elementor-inner-column elementor-element elementor-element-9da80b5\" data-id=\"9da80b5\" data-element_type=\"column\">\n\t\t\t<div class=\"elementor-column-wrap\">\n\t\t\t\t\t\t\t<div class=\"elementor-widget-wrap\">\n\t\t\t\t\t\t\t\t<\/div>\n\t\t\t\t\t<\/div>\n\t\t<\/div>\n\t\t\t\t<div class=\"elementor-column elementor-col-33 elementor-inner-column elementor-element elementor-element-0a652e8\" data-id=\"0a652e8\" data-element_type=\"column\">\n\t\t\t<div class=\"elementor-column-wrap\">\n\t\t\t\t\t\t\t<div class=\"elementor-widget-wrap\">\n\t\t\t\t\t\t\t\t<\/div>\n\t\t\t\t\t<\/div>\n\t\t<\/div>\n\t\t\t\t\t\t\t\t<\/div>\n\t\t\t\t\t<\/div>\n\t\t<\/section>\n\t\t\t\t\t\t<\/div>\n\t\t\t\t\t<\/div>\n\t\t<\/div>\n\t\t\t\t\t\t\t\t<\/div>\n\t\t\t\t\t<\/div>\n\t\t<\/section>\n\t\t\t\t<section class=\"elementor-section elementor-top-section elementor-element elementor-element-42fd43a elementor-section-full_width elementor-section-height-default elementor-section-height-default\" data-id=\"42fd43a\" data-element_type=\"section\" data-settings=\"{&quot;background_background&quot;:&quot;classic&quot;}\">\n\t\t\t\t\t\t<div class=\"elementor-container elementor-column-gap-default\">\n\t\t\t\t\t\t\t<div class=\"elementor-row\">\n\t\t\t\t\t<div class=\"elementor-column elementor-col-50 elementor-top-column elementor-element elementor-element-b3e12cb\" data-id=\"b3e12cb\" data-element_type=\"column\" data-settings=\"{&quot;background_background&quot;:&quot;classic&quot;}\">\n\t\t\t<div class=\"elementor-column-wrap elementor-element-populated\">\n\t\t\t\t\t<div class=\"elementor-background-overlay\"><\/div>\n\t\t\t\t\t\t\t<div class=\"elementor-widget-wrap\">\n\t\t\t\t\t\t<div class=\"elementor-element elementor-element-9bced72 elementor-widget elementor-widget-spacer\" data-id=\"9bced72\" data-element_type=\"widget\" data-widget_type=\"spacer.default\">\n\t\t\t\t<div class=\"elementor-widget-container\">\n\t\t\t\t\t<div class=\"elementor-spacer\">\n\t\t\t<div class=\"elementor-spacer-inner\"><\/div>\n\t\t<\/div>\n\t\t\t\t<\/div>\n\t\t\t\t<\/div>\n\t\t\t\t<div class=\"elementor-element elementor-element-13dcdd2 elementor-widget elementor-widget-heading\" data-id=\"13dcdd2\" data-element_type=\"widget\" data-widget_type=\"heading.default\">\n\t\t\t\t<div class=\"elementor-widget-container\">\n\t\t\t<h2 class=\"elementor-heading-title elementor-size-default\">Summer programme<\/h2>\t\t<\/div>\n\t\t\t\t<\/div>\n\t\t\t\t<div class=\"elementor-element elementor-element-dbe7a98 elementor-widget elementor-widget-text-editor\" data-id=\"dbe7a98\" data-element_type=\"widget\" data-widget_type=\"text-editor.default\">\n\t\t\t\t<div class=\"elementor-widget-container\">\n\t\t\t\t\t<div class=\"elementor-text-editor elementor-clearfix\"><p>Browse our popular<br \/>activities.<\/p><\/div>\n\t\t\t\t<\/div>\n\t\t\t\t<\/div>\n\t\t\t\t<div class=\"elementor-element elementor-element-b232042 elementor-align-center elementor-widget elementor-widget-button\" data-id=\"b232042\" data-element_type=\"widget\" data-widget_type=\"button.default\">\n\t\t\t\t<div class=\"elementor-widget-container\">\n\t\t\t\t\t<div class=\"elementor-button-wrapper\">\n\t\t\t<a href=\"#\" class=\"elementor-button-link elementor-button elementor-size-sm\" role=\"button\">\n\t\t\t\t\t\t<span class=\"elementor-button-content-wrapper\">\n\t\t\t\t\t\t<span class=\"elementor-button-text\">Show activities<\/span>\n\t\t<\/span>\n\t\t\t\t\t<\/a>\n\t\t<\/div>\n\t\t\t\t<\/div>\n\t\t\t\t<\/div>\n\t\t\t\t<div class=\"elementor-element elementor-element-7d0b200 elementor-widget elementor-widget-spacer\" data-id=\"7d0b200\" data-element_type=\"widget\" data-widget_type=\"spacer.default\">\n\t\t\t\t<div class=\"elementor-widget-container\">\n\t\t\t\t\t<div class=\"elementor-spacer\">\n\t\t\t<div class=\"elementor-spacer-inner\"><\/div>\n\t\t<\/div>\n\t\t\t\t<\/div>\n\t\t\t\t<\/div>\n\t\t\t\t\t\t<\/div>\n\t\t\t\t\t<\/div>\n\t\t<\/div>\n\t\t\t\t<div class=\"elementor-column elementor-col-50 elementor-top-column elementor-element elementor-element-9c7102a\" data-id=\"9c7102a\" data-element_type=\"column\" data-settings=\"{&quot;background_background&quot;:&quot;classic&quot;}\">\n\t\t\t<div class=\"elementor-column-wrap elementor-element-populated\">\n\t\t\t\t\t<div class=\"elementor-background-overlay\"><\/div>\n\t\t\t\t\t\t\t<div class=\"elementor-widget-wrap\">\n\t\t\t\t\t\t<div class=\"elementor-element elementor-element-536d4fc elementor-widget elementor-widget-spacer\" data-id=\"536d4fc\" data-element_type=\"widget\" data-widget_type=\"spacer.default\">\n\t\t\t\t<div class=\"elementor-widget-container\">\n\t\t\t\t\t<div class=\"elementor-spacer\">\n\t\t\t<div class=\"elementor-spacer-inner\"><\/div>\n\t\t<\/div>\n\t\t\t\t<\/div>\n\t\t\t\t<\/div>\n\t\t\t\t<div class=\"elementor-element elementor-element-2433201 elementor-widget elementor-widget-heading\" data-id=\"2433201\" data-element_type=\"widget\" data-widget_type=\"heading.default\">\n\t\t\t\t<div class=\"elementor-widget-container\">\n\t\t\t<h2 class=\"elementor-heading-title elementor-size-default\">Winter programme<\/h2>\t\t<\/div>\n\t\t\t\t<\/div>\n\t\t\t\t<div class=\"elementor-element elementor-element-cc62fd3 elementor-widget elementor-widget-text-editor\" data-id=\"cc62fd3\" data-element_type=\"widget\" data-widget_type=\"text-editor.default\">\n\t\t\t\t<div class=\"elementor-widget-container\">\n\t\t\t\t\t<div class=\"elementor-text-editor elementor-clearfix\"><p>Browse our popular<br \/>activities.<\/p><\/div>\n\t\t\t\t<\/div>\n\t\t\t\t<\/div>\n\t\t\t\t<div class=\"elementor-element elementor-element-9033605 elementor-align-center elementor-widget elementor-widget-button\" data-id=\"9033605\" data-element_type=\"widget\" data-widget_type=\"button.default\">\n\t\t\t\t<div class=\"elementor-widget-container\">\n\t\t\t\t\t<div class=\"elementor-button-wrapper\">\n\t\t\t<a href=\"https:\/\/wp.joholm.se\/en\/konferens-vinter\/\" class=\"elementor-button-link elementor-button elementor-size-sm\" role=\"button\">\n\t\t\t\t\t\t<span class=\"elementor-button-content-wrapper\">\n\t\t\t\t\t\t<span class=\"elementor-button-text\">Show activities<\/span>\n\t\t<\/span>\n\t\t\t\t\t<\/a>\n\t\t<\/div>\n\t\t\t\t<\/div>\n\t\t\t\t<\/div>\n\t\t\t\t<div class=\"elementor-element elementor-element-a24a8d1 elementor-widget elementor-widget-spacer\" data-id=\"a24a8d1\" data-element_type=\"widget\" data-widget_type=\"spacer.default\">\n\t\t\t\t<div class=\"elementor-widget-container\">\n\t\t\t\t\t<div class=\"elementor-spacer\">\n\t\t\t<div class=\"elementor-spacer-inner\"><\/div>\n\t\t<\/div>\n\t\t\t\t<\/div>\n\t\t\t\t<\/div>\n\t\t\t\t\t\t<\/div>\n\t\t\t\t\t<\/div>\n\t\t<\/div>\n\t\t\t\t\t\t\t\t<\/div>\n\t\t\t\t\t<\/div>\n\t\t<\/section>\n\t\t\t\t<section class=\"elementor-section elementor-top-section elementor-element elementor-element-9acdfa5 elementor-section-boxed elementor-section-height-default elementor-section-height-default\" data-id=\"9acdfa5\" data-element_type=\"section\" data-settings=\"{&quot;background_background&quot;:&quot;classic&quot;}\">\n\t\t\t\t\t\t<div class=\"elementor-container elementor-column-gap-default\">\n\t\t\t\t\t\t\t<div class=\"elementor-row\">\n\t\t\t\t\t<div class=\"elementor-column elementor-col-100 elementor-top-column elementor-element elementor-element-e26147a\" data-id=\"e26147a\" data-element_type=\"column\">\n\t\t\t<div class=\"elementor-column-wrap elementor-element-populated\">\n\t\t\t\t\t\t\t<div class=\"elementor-widget-wrap\">\n\t\t\t\t\t\t<div class=\"elementor-element elementor-element-f33e1dc elementor-widget elementor-widget-text-editor\" data-id=\"f33e1dc\" data-element_type=\"widget\" data-widget_type=\"text-editor.default\">\n\t\t\t\t<div class=\"elementor-widget-container\">\n\t\t\t\t\t<div class=\"elementor-text-editor elementor-clearfix\"><h3><strong>Example summer programme<\/strong><\/h3><p>We have a range of summer programmes for groups and businesses. We can develop a programme with specific activities that you wish to do or you can use one of our current activity programmes. If you wish to discuss a certain programme or would like to have one made for you then please contact us.<\/p><\/div>\n\t\t\t\t<\/div>\n\t\t\t\t<\/div>\n\t\t\t\t\t\t<\/div>\n\t\t\t\t\t<\/div>\n\t\t<\/div>\n\t\t\t\t\t\t\t\t<\/div>\n\t\t\t\t\t<\/div>\n\t\t<\/section>\n\t\t\t\t<section class=\"elementor-section elementor-top-section elementor-element elementor-element-26b20aa elementor-section-boxed elementor-section-height-default elementor-section-height-default\" data-id=\"26b20aa\" data-element_type=\"section\" data-settings=\"{&quot;background_background&quot;:&quot;classic&quot;}\">\n\t\t\t\t\t\t<div class=\"elementor-container elementor-column-gap-default\">\n\t\t\t\t\t\t\t<div class=\"elementor-row\">\n\t\t\t\t\t<div class=\"elementor-column elementor-col-100 elementor-top-column elementor-element elementor-element-5db8ed9\" data-id=\"5db8ed9\" data-element_type=\"column\">\n\t\t\t<div class=\"elementor-column-wrap elementor-element-populated\">\n\t\t\t\t\t\t\t<div class=\"elementor-widget-wrap\">\n\t\t\t\t\t\t<div class=\"elementor-element elementor-element-3713b7b elementor-widget elementor-widget-timeline-widget-addon\" data-id=\"3713b7b\" data-element_type=\"widget\" data-widget_type=\"timeline-widget-addon.default\">\n\t\t\t\t<div class=\"elementor-widget-container\">\n\t\t\t\r\n<div class=\"twae-vertical twae-wrapper twae-centered\">    \r\n    <div class=\"twae-timeline-centered twae-timeline-sm twae-line\"><article class=\"twae-timeline-entry twae-right-aligned\">\r\n            <div class=\"twae-timeline-entry-inner\">\r\n                <time class=\"twae-label-extra-label\">\r\n                    <span class=\"twae-label\"><\/span>\r\n                    <span class=\"twae-extra-label\"><\/span>\r\n                <\/time>\r\n                <div class=\"twae-icon\"><i aria-hidden=\"true\" class=\"fas fa-arrow-circle-down\"><\/i><\/div>\r\n                <div class=\"twae-data-container\">\r\n                    <span class=\"twae-title\">Day 1<\/span>\r\n                    \r\n                    <div class=\"twae-description\"><p>\u00a0<\/p><ul><li>Arrival in Johannisholm<\/li><li>Welcome drink<\/li><li>Organize-cottages<\/li><li>Welcome dinner in the \"Tipi-tent\" (Pytt i panna)<\/li><\/ul><\/div>\r\n                <\/div>\r\n            <\/div>\r\n        <\/article><article class=\"twae-timeline-entry twae-left-aligned\">\r\n            <div class=\"twae-timeline-entry-inner\">\r\n                <time class=\"twae-label-extra-label\">\r\n                    <span class=\"twae-label\"><\/span>\r\n                    <span class=\"twae-extra-label\"><\/span>\r\n                <\/time>\r\n                <div class=\"twae-icon\"><i aria-hidden=\"true\" class=\"fas fa-arrow-circle-down\"><\/i><\/div>\r\n                <div class=\"twae-data-container\">\r\n                    <span class=\"twae-title\">Day 2<\/span>\r\n                    \r\n                    <div class=\"twae-description\"><ul><li>Breakfast in the \"Bagarstuga\"<\/li><li><span class=\"JLqJ4b\" data-language-for-alternatives=\"sv\" data-language-to-translate-into=\"en\" data-phrase-index=\"1\"><span class=\"JLqJ4b ChMk0b\" data-language-for-alternatives=\"sv\" data-language-to-translate-into=\"en\" data-phrase-index=\"2\">Tour through the village Johannisholm<\/span><\/span><\/li><li><span class=\"JLqJ4b\" data-language-for-alternatives=\"sv\" data-language-to-translate-into=\"en\" data-phrase-index=\"1\"><span class=\"JLqJ4b ChMk0b\" data-language-for-alternatives=\"sv\" data-language-to-translate-into=\"en\" data-phrase-index=\"2\">Lunch in the \"Bagarstuga\"<\/span><\/span><\/li><li><span class=\"JLqJ4b\" data-language-for-alternatives=\"sv\" data-language-to-translate-into=\"en\" data-phrase-index=\"1\"><span class=\"JLqJ4b ChMk0b\" data-language-for-alternatives=\"sv\" data-language-to-translate-into=\"en\" data-phrase-index=\"2\">Start of the 2 day canoe trip; make dinner over a campfire and sleep out under the stars<\/span><\/span><\/li><\/ul><\/div>\r\n                <\/div>\r\n            <\/div>\r\n        <\/article><article class=\"twae-timeline-entry twae-right-aligned\">\r\n            <div class=\"twae-timeline-entry-inner\">\r\n                <time class=\"twae-label-extra-label\">\r\n                    <span class=\"twae-label\"><\/span>\r\n                    <span class=\"twae-extra-label\"><\/span>\r\n                <\/time>\r\n                <div class=\"twae-icon\"><i aria-hidden=\"true\" class=\"fas fa-arrow-circle-down\"><\/i><\/div>\r\n                <div class=\"twae-data-container\">\r\n                    <span class=\"twae-title\">Day 3<\/span>\r\n                    \r\n                    <div class=\"twae-description\"><ul><li>Breakfast in the bivouac then enter the canoes and return to Johannisholm<\/li><li><span class=\"JLqJ4b\" data-language-for-alternatives=\"sv\" data-language-to-translate-into=\"en\" data-phrase-index=\"1\"><span class=\"JLqJ4b ChMk0b\" data-language-for-alternatives=\"sv\" data-language-to-translate-into=\"en\" data-phrase-index=\"2\">Lunch in the \"Bagarstuga\" Afternoon free to spend doing (volleyball, football, kubbspel, optional activity) <\/span><\/span><\/li><li><span class=\"JLqJ4b\" data-language-for-alternatives=\"sv\" data-language-to-translate-into=\"en\" data-phrase-index=\"1\"><span class=\"JLqJ4b ChMk0b\" data-language-for-alternatives=\"sv\" data-language-to-translate-into=\"en\" data-phrase-index=\"2\">Dinner in the \"Bagarstuga\":<\/span><\/span><\/li><\/ul><\/div>\r\n                <\/div>\r\n            <\/div>\r\n        <\/article><article class=\"twae-timeline-entry twae-left-aligned\">\r\n            <div class=\"twae-timeline-entry-inner\">\r\n                <time class=\"twae-label-extra-label\">\r\n                    <span class=\"twae-label\"><\/span>\r\n                    <span class=\"twae-extra-label\"><\/span>\r\n                <\/time>\r\n                <div class=\"twae-icon\"><i aria-hidden=\"true\" class=\"fas fa-arrow-circle-down\"><\/i><\/div>\r\n                <div class=\"twae-data-container\">\r\n                    <span class=\"twae-title\">Day 4<\/span>\r\n                    \r\n                    <div class=\"twae-description\"><ul><li>Breakfast in the \"Bagarstuga\u201d prepare packed lunch<\/li><li><span class=\"JLqJ4b\" data-language-for-alternatives=\"sv\" data-language-to-translate-into=\"en\" data-phrase-index=\"1\"><span class=\"JLqJ4b ChMk0b\" data-language-for-alternatives=\"sv\" data-language-to-translate-into=\"en\" data-phrase-index=\"2\">Departure to the NP Fulufj\u00e4llet,  hike up to the highest waterfall in Sweden<\/span><\/span><\/li><li><span class=\"JLqJ4b\" data-language-for-alternatives=\"sv\" data-language-to-translate-into=\"en\" data-phrase-index=\"1\"><span class=\"JLqJ4b ChMk0b\" data-language-for-alternatives=\"sv\" data-language-to-translate-into=\"en\" data-phrase-index=\"2\">Dinner in the \"Bagarstuga\"<\/span><\/span><\/li><\/ul><\/div>\r\n                <\/div>\r\n            <\/div>\r\n        <\/article><article class=\"twae-timeline-entry twae-right-aligned\">\r\n            <div class=\"twae-timeline-entry-inner\">\r\n                <time class=\"twae-label-extra-label\">\r\n                    <span class=\"twae-label\"><\/span>\r\n                    <span class=\"twae-extra-label\"><\/span>\r\n                <\/time>\r\n                <div class=\"twae-icon\"><i aria-hidden=\"true\" class=\"fas fa-arrow-circle-down\"><\/i><\/div>\r\n                <div class=\"twae-data-container\">\r\n                    <span class=\"twae-title\">Day 5<\/span>\r\n                    \r\n                    <div class=\"twae-description\"><ul><li>Breakfast in the \"Bagarstuga\u201d prepare packed lunch<\/li><li><span class=\"JLqJ4b\" data-language-for-alternatives=\"sv\" data-language-to-translate-into=\"en\" data-phrase-index=\"1\"><span class=\"JLqJ4b ChMk0b\" data-language-for-alternatives=\"sv\" data-language-to-translate-into=\"en\" data-phrase-index=\"2\">Start MTB-tour, lunch on the go<\/span><\/span><\/li><li><span class=\"JLqJ4b\" data-language-for-alternatives=\"sv\" data-language-to-translate-into=\"en\" data-phrase-index=\"1\"><span class=\"JLqJ4b ChMk0b\" data-language-for-alternatives=\"sv\" data-language-to-translate-into=\"en\" data-phrase-index=\"2\">Dinner in the \"Bagarstuga<\/span><\/span><\/li><li><span class=\"JLqJ4b\" data-language-for-alternatives=\"sv\" data-language-to-translate-into=\"en\" data-phrase-index=\"1\"><span class=\"JLqJ4b ChMk0b\" data-language-for-alternatives=\"sv\" data-language-to-translate-into=\"en\" data-phrase-index=\"2\">Start Wildlife safari<\/span><\/span><\/li><\/ul><\/div>\r\n                <\/div>\r\n            <\/div>\r\n        <\/article><article class=\"twae-timeline-entry twae-left-aligned\">\r\n            <div class=\"twae-timeline-entry-inner\">\r\n                <time class=\"twae-label-extra-label\">\r\n                    <span class=\"twae-label\"><\/span>\r\n                    <span class=\"twae-extra-label\"><\/span>\r\n                <\/time>\r\n                <div class=\"twae-icon\"><i aria-hidden=\"true\" class=\"fas fa-arrow-circle-down\"><\/i><\/div>\r\n                <div class=\"twae-data-container\">\r\n                    <span class=\"twae-title\">Day 6<\/span>\r\n                    \r\n                    <div class=\"twae-description\"><ul><li>Breakfast in the \"Bagarstuga\"<\/li><li><span class=\"JLqJ4b\" data-language-for-alternatives=\"sv\" data-language-to-translate-into=\"en\" data-phrase-index=\"1\"><span class=\"JLqJ4b ChMk0b\" data-language-for-alternatives=\"sv\" data-language-to-translate-into=\"en\" data-phrase-index=\"2\">Optional activities: Quad safari<\/span><\/span><\/li><li><span class=\"JLqJ4b\" data-language-for-alternatives=\"sv\" data-language-to-translate-into=\"en\" data-phrase-index=\"1\"><span class=\"JLqJ4b ChMk0b\" data-language-for-alternatives=\"sv\" data-language-to-translate-into=\"en\" data-phrase-index=\"2\"> GPS hike by Gnupen nature reserve <\/span><\/span><\/li><li><span class=\"JLqJ4b\" data-language-for-alternatives=\"sv\" data-language-to-translate-into=\"en\" data-phrase-index=\"1\"><span class=\"JLqJ4b ChMk0b\" data-language-for-alternatives=\"sv\" data-language-to-translate-into=\"en\" data-phrase-index=\"2\">Van\u00e5n canoe tour <\/span><\/span><\/li><li><span class=\"JLqJ4b\" data-language-for-alternatives=\"sv\" data-language-to-translate-into=\"en\" data-phrase-index=\"1\"><span class=\"JLqJ4b ChMk0b\" data-language-for-alternatives=\"sv\" data-language-to-translate-into=\"en\" data-phrase-index=\"2\">Lunch in the Bagarstuga or packed lunch <\/span><\/span><\/li><li><span class=\"JLqJ4b\" data-language-for-alternatives=\"sv\" data-language-to-translate-into=\"en\" data-phrase-index=\"1\"><span class=\"JLqJ4b ChMk0b\" data-language-for-alternatives=\"sv\" data-language-to-translate-into=\"en\" data-phrase-index=\"2\">Dinner in the \"Bagarstuga\"<\/span><\/span><\/li><\/ul><\/div>\r\n                <\/div>\r\n            <\/div>\r\n        <\/article><article class=\"twae-timeline-entry twae-right-aligned\">\r\n            <div class=\"twae-timeline-entry-inner\">\r\n                <time class=\"twae-label-extra-label\">\r\n                    <span class=\"twae-label\"><\/span>\r\n                    <span class=\"twae-extra-label\"><\/span>\r\n                <\/time>\r\n                <div class=\"twae-icon\"><i aria-hidden=\"true\" class=\"fas fa-arrow-circle-down\"><\/i><\/div>\r\n                <div class=\"twae-data-container\">\r\n                    <span class=\"twae-title\">Day 7<\/span>\r\n                    \r\n                    <div class=\"twae-description\"><ul><li>Breakfast in the \"Bagarstuga\". <span class=\"JLqJ4b ChMk0b\" data-language-for-alternatives=\"sv\" data-language-to-translate-into=\"en\" data-phrase-index=\"1\">prepre packed lunch <\/span><\/li><li><span class=\"JLqJ4b ChMk0b\" data-language-for-alternatives=\"sv\" data-language-to-translate-into=\"en\" data-phrase-index=\"1\"><span class=\"JLqJ4b\" data-language-for-alternatives=\"sv\" data-language-to-translate-into=\"en\" data-phrase-index=\"2\">Tour around the Siljanmeer <\/span><\/span><\/li><li><span class=\"JLqJ4b ChMk0b\" data-language-for-alternatives=\"sv\" data-language-to-translate-into=\"en\" data-phrase-index=\"1\"><span class=\"JLqJ4b\" data-language-for-alternatives=\"sv\" data-language-to-translate-into=\"en\" data-phrase-index=\"2\">Dinner: Farewell barbecue (inclusive) in the Lapp Grill hut<\/span><\/span><\/li><\/ul><\/div>\r\n                <\/div>\r\n            <\/div>\r\n        <\/article><article class=\"twae-timeline-entry twae-left-aligned\">\r\n            <div class=\"twae-timeline-entry-inner\">\r\n                <time class=\"twae-label-extra-label\">\r\n                    <span class=\"twae-label\"><\/span>\r\n                    <span class=\"twae-extra-label\"><\/span>\r\n                <\/time>\r\n                <div class=\"twae-icon\"><i aria-hidden=\"true\" class=\"fas fa-arrow-circle-down\"><\/i><\/div>\r\n                <div class=\"twae-data-container\">\r\n                    <span class=\"twae-title\">Day 8<\/span>\r\n                    \r\n                    <div class=\"twae-description\"><ul><li>Breakfast prepare packed lunch in the \"Bagarstuga\"<\/li><li><span class=\"JLqJ4b\" data-language-for-alternatives=\"sv\" data-language-to-translate-into=\"en\" data-phrase-index=\"1\"><span class=\"JLqJ4b ChMk0b\" data-language-for-alternatives=\"sv\" data-language-to-translate-into=\"en\" data-phrase-index=\"2\">Pay any outstanding account<\/span><\/span><\/li><li><span class=\"JLqJ4b\" data-language-for-alternatives=\"sv\" data-language-to-translate-into=\"en\" data-phrase-index=\"1\"><span class=\"JLqJ4b ChMk0b\" data-language-for-alternatives=\"sv\" data-language-to-translate-into=\"en\" data-phrase-index=\"2\"> Departure by minibus to airport<\/span><\/span><\/li><\/ul><\/div>\r\n                <\/div>\r\n            <\/div>\r\n        <\/article><\/div><\/div>\t\t<\/div>\n\t\t\t\t<\/div>\n\t\t\t\t\t\t<\/div>\n\t\t\t\t\t<\/div>\n\t\t<\/div>\n\t\t\t\t\t\t\t\t<\/div>\n\t\t\t\t\t<\/div>\n\t\t<\/section>\n\t\t\t\t\t\t<\/div>\n\t\t\t\t\t\t<\/div>\n\t\t\t\t\t<\/div>","protected":false},"excerpt":{"rendered":"<p>Sommar programmet Vi har en rad sommarprogram f\u00f6r grupper och f\u00f6retag. Vi kan utveckla ett program med specifika aktiviteter som du vill g\u00f6ra eller s\u00e5 kan du anv\u00e4nda ett av v\u00e5ra nuvarande aktivitetsprogram. Sommar programet V\u00e4lj bland v\u00e5ra popul\u00e4raaktiviteter. Visa aktiviteter Vinter programet V\u00e4lj bland v\u00e5ra popul\u00e4raaktiviteter. Visa aktiviteter Exempel p\u00e5 sommarprogram Vi har en [&hellip;]<\/p>","protected":false},"author":1,"featured_media":0,"parent":0,"menu_order":0,"comment_status":"closed","ping_status":"closed","template":"elementor_header_footer","meta":{"footnotes":""},"class_list":["post-349","page","type-page","status-publish","hentry"],"_links":{"self":[{"href":"https:\/\/wp.joholm.se\/en\/wp-json\/wp\/v2\/pages\/349","targetHints":{"allow":["GET"]}}],"collection":[{"href":"https:\/\/wp.joholm.se\/en\/wp-json\/wp\/v2\/pages"}],"about":[{"href":"https:\/\/wp.joholm.se\/en\/wp-json\/wp\/v2\/types\/page"}],"author":[{"embeddable":true,"href":"https:\/\/wp.joholm.se\/en\/wp-json\/wp\/v2\/users\/1"}],"replies":[{"embeddable":true,"href":"https:\/\/wp.joholm.se\/en\/wp-json\/wp\/v2\/comments?post=349"}],"version-history":[{"count":8,"href":"https:\/\/wp.joholm.se\/en\/wp-json\/wp\/v2\/pages\/349\/revisions"}],"predecessor-version":[{"id":611,"href":"https:\/\/wp.joholm.se\/en\/wp-json\/wp\/v2\/pages\/349\/revisions\/611"}],"wp:attachment":[{"href":"https:\/\/wp.joholm.se\/en\/wp-json\/wp\/v2\/media?parent=349"}],"curies":[{"name":"wp","href":"https:\/\/api.w.org\/{rel}","templated":true}]}}