{"id":250,"date":"2020-11-02T17:17:50","date_gmt":"2020-11-02T16:17:50","guid":{"rendered":"https:\/\/wp.joholm.se\/?page_id=250"},"modified":"2020-11-08T19:53:54","modified_gmt":"2020-11-08T18:53:54","slug":"aret-om-aktiviteter","status":"publish","type":"page","link":"https:\/\/wp.joholm.se\/en\/aret-om-aktiviteter\/","title":{"rendered":"Year-round activities"},"content":{"rendered":"<div data-elementor-type=\"wp-page\" data-elementor-id=\"250\" class=\"elementor elementor-250\" data-elementor-settings=\"[]\">\n\t\t\t\t\t\t<div class=\"elementor-inner\">\n\t\t\t\t\t\t\t<div class=\"elementor-section-wrap\">\n\t\t\t\t\t\t\t<section class=\"elementor-section elementor-top-section elementor-element elementor-element-405b457b elementor-section-full_width elementor-section-height-min-height elementor-section-height-default elementor-section-items-middle\" data-id=\"405b457b\" data-element_type=\"section\" data-settings=\"{&quot;background_background&quot;:&quot;classic&quot;}\">\n\t\t\t\t\t\t\t<div class=\"elementor-background-overlay\"><\/div>\n\t\t\t\t\t\t\t<div class=\"elementor-container elementor-column-gap-default\">\n\t\t\t\t\t\t\t<div class=\"elementor-row\">\n\t\t\t\t\t<div class=\"elementor-column elementor-col-100 elementor-top-column elementor-element elementor-element-2bef59da\" data-id=\"2bef59da\" data-element_type=\"column\">\n\t\t\t<div class=\"elementor-column-wrap elementor-element-populated\">\n\t\t\t\t\t\t\t<div class=\"elementor-widget-wrap\">\n\t\t\t\t\t\t<section class=\"elementor-section elementor-inner-section elementor-element elementor-element-499e22b5 elementor-section-full_width elementor-section-height-default elementor-section-height-default\" data-id=\"499e22b5\" data-element_type=\"section\">\n\t\t\t\t\t\t<div class=\"elementor-container elementor-column-gap-default\">\n\t\t\t\t\t\t\t<div class=\"elementor-row\">\n\t\t\t\t\t<div class=\"elementor-column elementor-col-33 elementor-inner-column elementor-element elementor-element-29ea04d7\" data-id=\"29ea04d7\" data-element_type=\"column\">\n\t\t\t<div class=\"elementor-column-wrap elementor-element-populated\">\n\t\t\t\t\t\t\t<div class=\"elementor-widget-wrap\">\n\t\t\t\t\t\t<div class=\"elementor-element elementor-element-282999dc elementor-widget elementor-widget-heading\" data-id=\"282999dc\" data-element_type=\"widget\" data-widget_type=\"heading.default\">\n\t\t\t\t<div class=\"elementor-widget-container\">\n\t\t\t<h2 class=\"elementor-heading-title elementor-size-default\">Year-round activities<\/h2>\t\t<\/div>\n\t\t\t\t<\/div>\n\t\t\t\t<div class=\"elementor-element elementor-element-5ddb8b06 elementor-widget elementor-widget-text-editor\" data-id=\"5ddb8b06\" data-element_type=\"widget\" data-widget_type=\"text-editor.default\">\n\t\t\t\t<div class=\"elementor-widget-container\">\n\t\t\t\t\t<div class=\"elementor-text-editor elementor-clearfix\"><p>\u00a0Our activities have been adapted for both adults and children and for both summer and winter seasons.<\/p><\/div>\n\t\t\t\t<\/div>\n\t\t\t\t<\/div>\n\t\t\t\t\t\t<\/div>\n\t\t\t\t\t<\/div>\n\t\t<\/div>\n\t\t\t\t<div class=\"elementor-column elementor-col-33 elementor-inner-column elementor-element elementor-element-17c52d30\" data-id=\"17c52d30\" data-element_type=\"column\">\n\t\t\t<div class=\"elementor-column-wrap\">\n\t\t\t\t\t\t\t<div class=\"elementor-widget-wrap\">\n\t\t\t\t\t\t\t\t<\/div>\n\t\t\t\t\t<\/div>\n\t\t<\/div>\n\t\t\t\t<div class=\"elementor-column elementor-col-33 elementor-inner-column elementor-element elementor-element-1fd50172\" data-id=\"1fd50172\" data-element_type=\"column\">\n\t\t\t<div class=\"elementor-column-wrap\">\n\t\t\t\t\t\t\t<div class=\"elementor-widget-wrap\">\n\t\t\t\t\t\t\t\t<\/div>\n\t\t\t\t\t<\/div>\n\t\t<\/div>\n\t\t\t\t\t\t\t\t<\/div>\n\t\t\t\t\t<\/div>\n\t\t<\/section>\n\t\t\t\t\t\t<\/div>\n\t\t\t\t\t<\/div>\n\t\t<\/div>\n\t\t\t\t\t\t\t\t<\/div>\n\t\t\t\t\t<\/div>\n\t\t<\/section>\n\t\t\t\t<section class=\"elementor-section elementor-top-section elementor-element elementor-element-61781d3b elementor-section-boxed elementor-section-height-default elementor-section-height-default\" data-id=\"61781d3b\" data-element_type=\"section\" data-settings=\"{&quot;background_background&quot;:&quot;classic&quot;}\">\n\t\t\t\t\t\t<div class=\"elementor-container elementor-column-gap-default\">\n\t\t\t\t\t\t\t<div class=\"elementor-row\">\n\t\t\t\t\t<div class=\"elementor-column elementor-col-100 elementor-top-column elementor-element elementor-element-1bc82394\" data-id=\"1bc82394\" data-element_type=\"column\">\n\t\t\t<div class=\"elementor-column-wrap elementor-element-populated\">\n\t\t\t\t\t\t\t<div class=\"elementor-widget-wrap\">\n\t\t\t\t\t\t<div class=\"elementor-element elementor-element-5dba289c elementor-widget elementor-widget-text-editor\" data-id=\"5dba289c\" data-element_type=\"widget\" data-widget_type=\"text-editor.default\">\n\t\t\t\t<div class=\"elementor-widget-container\">\n\t\t\t\t\t<div class=\"elementor-text-editor elementor-clearfix\"><p><strong>Wood fired Sauna<\/strong><\/p><p>In a secluded area on site, near the old barn and waterwheel, is our wood fired sauna and plunge pool. Here you can enjoy a relaxing sauna in a beautiful natural setting. In the summer the plunge pool (part of the wheel house) can be used to \"cool off\"; whist in winter there is always plenty of deep snow at hand. There is a changing room nearby and avaiable to use all year round, the sauna is a perfect spot to relax after a long day of activities.<\/p><p><strong>Wood fired Hot tub:<\/strong><\/p><p>The traditional wood fired hot tub looks out onto stunning views of the river Van\u00e5n. The water is kept at a comfortable temparature and stays hot for a long time.  In summer there is a cold shower and in winter plenty of snow - should you need to \"cool off\". Whether you want to bird watch or spend time with friends or family it is a wonderful tranquil setting for a relaxing end to the day.<\/p><p><strong>Grill Hut:<\/strong><\/p><p>The grill hut is available for groups and family hire. Here you have the chance to sit and enjoy an indoor barbecue over an open fire what ever the weather. With reindeer skins over the benches it really is a beautiful place to relax in both summer and winter. There is room in the grill hut for up to 16 people.<\/p><p><strong>Pytt i Panna on Muurikka:<\/strong><\/p><p>This is both an experience of cooking an a natural environment and a main meal for the day. In winter it is normally held in the TeePee and in the summer can be held outdoors. It is a traditional dish of diced potatoes, vegetables and meat prepared on a flat pan (Muurika) over fire (gas or wood) and baked with an egg. You can either nominate one of your group as \"Chef\" or take turns in the cooking.<\/p><p><strong>Kolbulle on Open Fire:<\/strong><\/p><p>During this dinner activity , we show you how to make real swedish savoury pancakes in long handled pans over an open fire. We use lingon (a jam made of lingonberries) and bacon.<\/p><p><strong>Pizza bakning:<\/strong><\/p><p>We use the original oven that was used to bake the bread for the whole village. Once it has reached the right temperature we push the embers to the side and back of the oven creating a horse shoe shape, then slide your pizza from the wooden peel into the oven and watch it cook.<\/p><\/div>\n\t\t\t\t<\/div>\n\t\t\t\t<\/div>\n\t\t\t\t\t\t<\/div>\n\t\t\t\t\t<\/div>\n\t\t<\/div>\n\t\t\t\t\t\t\t\t<\/div>\n\t\t\t\t\t<\/div>\n\t\t<\/section>\n\t\t\t\t\t\t<\/div>\n\t\t\t\t\t\t<\/div>\n\t\t\t\t\t<\/div>","protected":false},"excerpt":{"rendered":"<p>\u00c5ret om aktiviteter \u00a0Johannisholms Stugby erbjuder fritids aktiviteter f\u00f6r b\u00e5de vuxna och barn och\u00a0f\u00f6r b\u00e5de\u00a0sommar och vinter s\u00e4songer. Vedeldad bastu: I ett avskilt omr\u00e5de p\u00e5 plats, n\u00e4ra den gamla ladan och vattenhjulet, finns v\u00e5r vedeldade bastu och avsvalkningspool. H\u00e4r kan du njuta av en avkopplande bastu i en vacker naturlig milj\u00f6. P\u00e5 sommaren kan avsvalkningspoolen [&hellip;]<\/p>","protected":false},"author":1,"featured_media":0,"parent":0,"menu_order":0,"comment_status":"closed","ping_status":"closed","template":"elementor_header_footer","meta":{"footnotes":""},"class_list":["post-250","page","type-page","status-publish","hentry"],"_links":{"self":[{"href":"https:\/\/wp.joholm.se\/en\/wp-json\/wp\/v2\/pages\/250","targetHints":{"allow":["GET"]}}],"collection":[{"href":"https:\/\/wp.joholm.se\/en\/wp-json\/wp\/v2\/pages"}],"about":[{"href":"https:\/\/wp.joholm.se\/en\/wp-json\/wp\/v2\/types\/page"}],"author":[{"embeddable":true,"href":"https:\/\/wp.joholm.se\/en\/wp-json\/wp\/v2\/users\/1"}],"replies":[{"embeddable":true,"href":"https:\/\/wp.joholm.se\/en\/wp-json\/wp\/v2\/comments?post=250"}],"version-history":[{"count":9,"href":"https:\/\/wp.joholm.se\/en\/wp-json\/wp\/v2\/pages\/250\/revisions"}],"predecessor-version":[{"id":552,"href":"https:\/\/wp.joholm.se\/en\/wp-json\/wp\/v2\/pages\/250\/revisions\/552"}],"wp:attachment":[{"href":"https:\/\/wp.joholm.se\/en\/wp-json\/wp\/v2\/media?parent=250"}],"curies":[{"name":"wp","href":"https:\/\/api.w.org\/{rel}","templated":true}]}}