{"id":20,"date":"2020-10-13T12:36:39","date_gmt":"2020-10-13T10:36:39","guid":{"rendered":"https:\/\/wp.joholm.se\/?page_id=20"},"modified":"2024-09-10T14:16:22","modified_gmt":"2024-09-10T12:16:22","slug":"om-oss","status":"publish","type":"page","link":"https:\/\/wp.joholm.se\/en\/om-oss\/","title":{"rendered":"About us"},"content":{"rendered":"<div data-elementor-type=\"wp-page\" data-elementor-id=\"20\" class=\"elementor elementor-20\" data-elementor-settings=\"[]\">\n\t\t\t\t\t\t<div class=\"elementor-inner\">\n\t\t\t\t\t\t\t<div class=\"elementor-section-wrap\">\n\t\t\t\t\t\t\t<section class=\"elementor-section elementor-top-section elementor-element elementor-element-a5bfe6c elementor-section-full_width elementor-section-height-min-height elementor-section-height-default elementor-section-items-middle\" data-id=\"a5bfe6c\" data-element_type=\"section\" data-settings=\"{&quot;background_background&quot;:&quot;classic&quot;}\">\n\t\t\t\t\t\t\t<div class=\"elementor-background-overlay\"><\/div>\n\t\t\t\t\t\t\t<div class=\"elementor-container elementor-column-gap-default\">\n\t\t\t\t\t\t\t<div class=\"elementor-row\">\n\t\t\t\t\t<div class=\"elementor-column elementor-col-100 elementor-top-column elementor-element elementor-element-1422226\" data-id=\"1422226\" data-element_type=\"column\">\n\t\t\t<div class=\"elementor-column-wrap elementor-element-populated\">\n\t\t\t\t\t\t\t<div class=\"elementor-widget-wrap\">\n\t\t\t\t\t\t<section class=\"elementor-section elementor-inner-section elementor-element elementor-element-4d2cbaf elementor-section-full_width elementor-section-height-default elementor-section-height-default\" data-id=\"4d2cbaf\" data-element_type=\"section\">\n\t\t\t\t\t\t<div class=\"elementor-container elementor-column-gap-default\">\n\t\t\t\t\t\t\t<div class=\"elementor-row\">\n\t\t\t\t\t<div class=\"elementor-column elementor-col-33 elementor-inner-column elementor-element elementor-element-eaaf394\" data-id=\"eaaf394\" data-element_type=\"column\">\n\t\t\t<div class=\"elementor-column-wrap elementor-element-populated\">\n\t\t\t\t\t\t\t<div class=\"elementor-widget-wrap\">\n\t\t\t\t\t\t<div class=\"elementor-element elementor-element-64c240d elementor-widget elementor-widget-heading\" data-id=\"64c240d\" data-element_type=\"widget\" data-widget_type=\"heading.default\">\n\t\t\t\t<div class=\"elementor-widget-container\">\n\t\t\t<h2 class=\"elementor-heading-title elementor-size-default\">About us<\/h2>\t\t<\/div>\n\t\t\t\t<\/div>\n\t\t\t\t<div class=\"elementor-element elementor-element-6853678 elementor-widget elementor-widget-text-editor\" data-id=\"6853678\" data-element_type=\"widget\" data-widget_type=\"text-editor.default\">\n\t\t\t\t<div class=\"elementor-widget-container\">\n\t\t\t\t\t<div class=\"elementor-text-editor elementor-clearfix\"><p>Ta en underbar morgonpromenad genom o\u00e4ndliga skogen, \u00f6ver upph\u00f6jda myrar och klara sj\u00f6ar.\u00a0<\/p><\/div>\n\t\t\t\t<\/div>\n\t\t\t\t<\/div>\n\t\t\t\t\t\t<\/div>\n\t\t\t\t\t<\/div>\n\t\t<\/div>\n\t\t\t\t<div class=\"elementor-column elementor-col-33 elementor-inner-column elementor-element elementor-element-3a96d18\" data-id=\"3a96d18\" data-element_type=\"column\">\n\t\t\t<div class=\"elementor-column-wrap\">\n\t\t\t\t\t\t\t<div class=\"elementor-widget-wrap\">\n\t\t\t\t\t\t\t\t<\/div>\n\t\t\t\t\t<\/div>\n\t\t<\/div>\n\t\t\t\t<div class=\"elementor-column elementor-col-33 elementor-inner-column elementor-element elementor-element-5631b71\" data-id=\"5631b71\" data-element_type=\"column\">\n\t\t\t<div class=\"elementor-column-wrap\">\n\t\t\t\t\t\t\t<div class=\"elementor-widget-wrap\">\n\t\t\t\t\t\t\t\t<\/div>\n\t\t\t\t\t<\/div>\n\t\t<\/div>\n\t\t\t\t\t\t\t\t<\/div>\n\t\t\t\t\t<\/div>\n\t\t<\/section>\n\t\t\t\t\t\t<\/div>\n\t\t\t\t\t<\/div>\n\t\t<\/div>\n\t\t\t\t\t\t\t\t<\/div>\n\t\t\t\t\t<\/div>\n\t\t<\/section>\n\t\t\t\t<section class=\"elementor-section elementor-top-section elementor-element elementor-element-892bacb elementor-section-boxed elementor-section-height-default elementor-section-height-default\" data-id=\"892bacb\" data-element_type=\"section\" data-settings=\"{&quot;background_background&quot;:&quot;classic&quot;}\">\n\t\t\t\t\t\t<div class=\"elementor-container elementor-column-gap-default\">\n\t\t\t\t\t\t\t<div class=\"elementor-row\">\n\t\t\t\t\t<div class=\"elementor-column elementor-col-100 elementor-top-column elementor-element elementor-element-27d0eea\" data-id=\"27d0eea\" data-element_type=\"column\">\n\t\t\t<div class=\"elementor-column-wrap elementor-element-populated\">\n\t\t\t\t\t\t\t<div class=\"elementor-widget-wrap\">\n\t\t\t\t\t\t<div class=\"elementor-element elementor-element-2cef9f0 elementor-widget elementor-widget-text-editor\" data-id=\"2cef9f0\" data-element_type=\"widget\" data-widget_type=\"text-editor.default\">\n\t\t\t\t<div class=\"elementor-widget-container\">\n\t\t\t\t\t<div class=\"elementor-text-editor elementor-clearfix\"><p><strong>Jim Schofield <\/strong>\u2013\u00a0 Director of Instruction<br \/>Email: <span id=\"cloak89286\"><a href=\"mailto:jim.schofield@wp.joholm.se\">jim.schofield@joholm.se<\/a><br \/><\/span>Favourite Activity \u2013 Canoeing and Snowboarding<\/p><p>Jim has an extensive knowledge of the outdoor adventure industry. His most recent experience includes 10 years serving in the British Army but began working as an outdoor instructor in 1994 whilst completing college to qualify for the industry. Jim has an enormous array of qualifications including kayaking, canoeing and climbing to name but a few. His new passion is bushcraft and has recently undertaken various courses to specialise in this.<\/p><p><strong>Laura Schofield<\/strong> \u2013\u00a0 Director of Instruction<br \/>Email: <span id=\"cloak76883\"><a href=\"mailto:laura.schofield@wp.joholm.se\">laura.schofield@joholm.se<\/a><br \/><\/span>Favourite Activity \u2013 Canoeing and Skiing<\/p><p>Laura started college in 1997 to train as an outdoor instructor and it was during a work placement that she met her husband Jim. Laura's most recent qualification is QTLLS giving her teacher status but also has qualifications in climbing, kayaking and canoeing. She has previously completed her Duke of Edinburgh awards to gold level and is now a qualified assessor. Laura's passion for outdoor pursuits started at a young age. Give her a paddle and Laura is in her element!<\/p><p><strong>Jean Bloomfield<\/strong> \u2013\u00a0Reception and Welfare Manager<br \/>Email: <span id=\"cloak38425\"><a href=\"mailto:jean.bloomfield@wp.joholm.se\">jean.bloomfield@joholm.se<\/a><br \/><\/span>Favourite Activity \u2013 Kayaking and Apres Ski<\/p><p>As well as ensuring that all members of staff are well looked after, Jean is responsible for ensuring guests feel like part of the family. She promotes the Swedish way through the popular \"fika\" and filling the bagarstuga with the smell of coffee and sweet treats. Jean has been living around the corner from Johannisholms Stugby for over 7 years but the fantastic views of the lakes and forests still take her breath away!<\/p><p><strong>Stacy Bloomfield<\/strong> \u2013 Site Manager<br \/>Email: <span id=\"cloak90153\"><a href=\"mailto:stacy.bloomfield@wp.joholm.se\">stacy.bloomfield@joholm.se<\/a><br \/><\/span>Favourite Activity - Quad Biking and Snowmobiling<\/p><p>Extremely good with his hands, Stacy is responsible for keeping our grounds looking amazing. He can often be found whizzing around on the quad bike running a multitude of errands from laundry collection to snow clearing. Stacy has been visiting Sweden for many years and has a good knowledge of tracks to take with the bikes. His very friendly nature fits perfectly within the Johannisholm Adventure family!<\/p><\/div>\n\t\t\t\t<\/div>\n\t\t\t\t<\/div>\n\t\t\t\t\t\t<\/div>\n\t\t\t\t\t<\/div>\n\t\t<\/div>\n\t\t\t\t\t\t\t\t<\/div>\n\t\t\t\t\t<\/div>\n\t\t<\/section>\n\t\t\t\t\t\t<\/div>\n\t\t\t\t\t\t<\/div>\n\t\t\t\t\t<\/div>","protected":false},"excerpt":{"rendered":"<p>Om oss Ta en underbar morgonpromenad genom o\u00e4ndliga skogen, \u00f6ver upph\u00f6jda myrar och klara sj\u00f6ar.\u00a0 Jim Schofield &#8211;\u00a0Direkt\u00f6r UndervisningsformerEmail: jim.schofield@joholm.seFavoritaktivitet &#8211; Kanot och snowboard Jim har en omfattande kunskap om \u00e4ventyrsbranschen utomhus. Hans senaste erfarenhet omfattar tio \u00e5rs tj\u00e4nstg\u00f6ring i den brittiska arm\u00e9n men b\u00f6rjade arbeta som utomhusinstrukt\u00f6r 1994 medan han avslutade college f\u00f6r att [&hellip;]<\/p>","protected":false},"author":1,"featured_media":0,"parent":0,"menu_order":0,"comment_status":"closed","ping_status":"closed","template":"elementor_header_footer","meta":{"footnotes":""},"class_list":["post-20","page","type-page","status-publish","hentry"],"_links":{"self":[{"href":"https:\/\/wp.joholm.se\/en\/wp-json\/wp\/v2\/pages\/20","targetHints":{"allow":["GET"]}}],"collection":[{"href":"https:\/\/wp.joholm.se\/en\/wp-json\/wp\/v2\/pages"}],"about":[{"href":"https:\/\/wp.joholm.se\/en\/wp-json\/wp\/v2\/types\/page"}],"author":[{"embeddable":true,"href":"https:\/\/wp.joholm.se\/en\/wp-json\/wp\/v2\/users\/1"}],"replies":[{"embeddable":true,"href":"https:\/\/wp.joholm.se\/en\/wp-json\/wp\/v2\/comments?post=20"}],"version-history":[{"count":13,"href":"https:\/\/wp.joholm.se\/en\/wp-json\/wp\/v2\/pages\/20\/revisions"}],"predecessor-version":[{"id":648,"href":"https:\/\/wp.joholm.se\/en\/wp-json\/wp\/v2\/pages\/20\/revisions\/648"}],"wp:attachment":[{"href":"https:\/\/wp.joholm.se\/en\/wp-json\/wp\/v2\/media?parent=20"}],"curies":[{"name":"wp","href":"https:\/\/api.w.org\/{rel}","templated":true}]}}