{"id":113,"date":"2020-10-16T13:23:05","date_gmt":"2020-10-16T11:23:05","guid":{"rendered":"https:\/\/wp.joholm.se\/?page_id=113"},"modified":"2020-10-16T13:31:17","modified_gmt":"2020-10-16T11:31:17","slug":"integritet","status":"publish","type":"page","link":"https:\/\/wp.joholm.se\/en\/integritet\/","title":{"rendered":"integritet"},"content":{"rendered":"<div data-elementor-type=\"wp-page\" data-elementor-id=\"113\" class=\"elementor elementor-113\" data-elementor-settings=\"[]\">\n\t\t\t\t\t\t<div class=\"elementor-inner\">\n\t\t\t\t\t\t\t<div class=\"elementor-section-wrap\">\n\t\t\t\t\t\t\t<section class=\"elementor-section elementor-top-section elementor-element elementor-element-c1a1e84 elementor-section-full_width elementor-section-height-min-height elementor-section-height-default elementor-section-items-middle\" data-id=\"c1a1e84\" data-element_type=\"section\" data-settings=\"{&quot;background_background&quot;:&quot;classic&quot;}\">\n\t\t\t\t\t\t\t<div class=\"elementor-background-overlay\"><\/div>\n\t\t\t\t\t\t\t<div class=\"elementor-container elementor-column-gap-default\">\n\t\t\t\t\t\t\t<div class=\"elementor-row\">\n\t\t\t\t\t<div class=\"elementor-column elementor-col-100 elementor-top-column elementor-element elementor-element-1fa767c\" data-id=\"1fa767c\" data-element_type=\"column\">\n\t\t\t<div class=\"elementor-column-wrap elementor-element-populated\">\n\t\t\t\t\t\t\t<div class=\"elementor-widget-wrap\">\n\t\t\t\t\t\t<section class=\"elementor-section elementor-inner-section elementor-element elementor-element-4464d16 elementor-section-full_width elementor-section-height-default elementor-section-height-default\" data-id=\"4464d16\" data-element_type=\"section\">\n\t\t\t\t\t\t<div class=\"elementor-container elementor-column-gap-default\">\n\t\t\t\t\t\t\t<div class=\"elementor-row\">\n\t\t\t\t\t<div class=\"elementor-column elementor-col-33 elementor-inner-column elementor-element elementor-element-ffc36f9\" data-id=\"ffc36f9\" data-element_type=\"column\">\n\t\t\t<div class=\"elementor-column-wrap elementor-element-populated\">\n\t\t\t\t\t\t\t<div class=\"elementor-widget-wrap\">\n\t\t\t\t\t\t<div class=\"elementor-element elementor-element-c890865 elementor-widget elementor-widget-heading\" data-id=\"c890865\" data-element_type=\"widget\" data-widget_type=\"heading.default\">\n\t\t\t\t<div class=\"elementor-widget-container\">\n\t\t\t<h2 class=\"elementor-heading-title elementor-size-default\">GDPR<\/h2>\t\t<\/div>\n\t\t\t\t<\/div>\n\t\t\t\t<div class=\"elementor-element elementor-element-ee321b1 elementor-widget elementor-widget-text-editor\" data-id=\"ee321b1\" data-element_type=\"widget\" data-widget_type=\"text-editor.default\">\n\t\t\t\t<div class=\"elementor-widget-container\">\n\t\t\t\t\t<div class=\"elementor-text-editor elementor-clearfix\"><p>Take a wonderful morning walk through the endless forest, over elevated bogs and clear lakes.\u00a0<\/p><\/div>\n\t\t\t\t<\/div>\n\t\t\t\t<\/div>\n\t\t\t\t\t\t<\/div>\n\t\t\t\t\t<\/div>\n\t\t<\/div>\n\t\t\t\t<div class=\"elementor-column elementor-col-33 elementor-inner-column elementor-element elementor-element-64bf3fe\" data-id=\"64bf3fe\" data-element_type=\"column\">\n\t\t\t<div class=\"elementor-column-wrap\">\n\t\t\t\t\t\t\t<div class=\"elementor-widget-wrap\">\n\t\t\t\t\t\t\t\t<\/div>\n\t\t\t\t\t<\/div>\n\t\t<\/div>\n\t\t\t\t<div class=\"elementor-column elementor-col-33 elementor-inner-column elementor-element elementor-element-56c81b6\" data-id=\"56c81b6\" data-element_type=\"column\">\n\t\t\t<div class=\"elementor-column-wrap\">\n\t\t\t\t\t\t\t<div class=\"elementor-widget-wrap\">\n\t\t\t\t\t\t\t\t<\/div>\n\t\t\t\t\t<\/div>\n\t\t<\/div>\n\t\t\t\t\t\t\t\t<\/div>\n\t\t\t\t\t<\/div>\n\t\t<\/section>\n\t\t\t\t\t\t<\/div>\n\t\t\t\t\t<\/div>\n\t\t<\/div>\n\t\t\t\t\t\t\t\t<\/div>\n\t\t\t\t\t<\/div>\n\t\t<\/section>\n\t\t\t\t<section class=\"elementor-section elementor-top-section elementor-element elementor-element-f595843 elementor-section-boxed elementor-section-height-default elementor-section-height-default\" data-id=\"f595843\" data-element_type=\"section\">\n\t\t\t\t\t\t<div class=\"elementor-container elementor-column-gap-default\">\n\t\t\t\t\t\t\t<div class=\"elementor-row\">\n\t\t\t\t\t<div class=\"elementor-column elementor-col-100 elementor-top-column elementor-element elementor-element-c96f6f3\" data-id=\"c96f6f3\" data-element_type=\"column\">\n\t\t\t<div class=\"elementor-column-wrap elementor-element-populated\">\n\t\t\t\t\t\t\t<div class=\"elementor-widget-wrap\">\n\t\t\t\t\t\t<div class=\"elementor-element elementor-element-a7d8f71 elementor-widget elementor-widget-text-editor\" data-id=\"a7d8f71\" data-element_type=\"widget\" data-widget_type=\"text-editor.default\">\n\t\t\t\t<div class=\"elementor-widget-container\">\n\t\t\t\t\t<div class=\"elementor-text-editor elementor-clearfix\"><p><strong>Integritetspolicy<br \/><\/strong>Johannisholm Adventure tar personlig integritet p\u00e5 st\u00f6rsta allvar och det \u00e4r en viktig angel\u00e4genhet f\u00f6r oss att tillf\u00f6rs\u00e4kra en god s\u00e4kerhet och integritet av de som v\u00e5ra g\u00e4ster l\u00e4mnar till oss eller som vi f\u00e5r p\u00e5 annat s\u00e4tt. Denna integritetspolicy g\u00e4ller f\u00f6r alla de personuppgifter som behandlas av Johannisholm Adventure.<\/p><p style=\"font-weight: 400;\">\u00a0<\/p><p style=\"font-weight: 400;\">Johannisholm Adventure behandlar personuppgifter i enlighet med dataskyddslagen (GDPR).<\/p><p style=\"font-weight: 400;\">\u00a0<\/p><p><strong>Personuppgiftsansvarig<br \/><\/strong>Personuppgiftsansvarig \u00e4r Johannisholm Adventure AB (org. nr. 556883-7677), Johannisholm 109, 797 92, Mora, Tel: +46 (0) 250-60 000<\/p><p style=\"font-weight: 400;\">info@rjoholm.se.<\/p><p style=\"font-weight: 400;\">Om du vill f\u00e5 information om vilka personuppgifter om dig som behandlas av Johannisholm Adventure kan du beg\u00e4ra det skriftligt p\u00e5 ovanst\u00e5ende adress. Det \u00e4r ocks\u00e5 till den adressen som du ska v\u00e4nda dig om du vill beg\u00e4ra r\u00e4ttelse av felaktig eller missvisande uppgift.<\/p><p style=\"font-weight: 400;\">Du har ocks\u00e5 r\u00e4tt att framf\u00f6ra klagom\u00e5l avseende Johannisholm Adventures hantering av personuppgifter till Datainspektionen.<\/p><p style=\"font-weight: 400;\">\u00a0<\/p><p><strong>Datainsamling<br \/><\/strong>I samband med att en g\u00e4st best\u00e4ller eller nyttjar en tj\u00e4nst som Johannisholm Adventure tillhandah\u00e5ller samlar Johannisholm Adventure in vissa personuppgifter om g\u00e4sten. Vi samlar in personuppgifter som v\u00e5ra g\u00e4ster d\u00e4rvid l\u00e4mnar p\u00e5 v\u00e5r webbplats, via telefon eller e-mail och som vi erh\u00e5ller genom automatiska \u00f6verf\u00f6ringar till v\u00e5rt bokningssystem via XML -kopplingar. Detta innefattar information s\u00e5som namn, adress, telefonnummer, e-postadress och andra kontaktuppgifter, spr\u00e5k och nationalitet.<\/p><p style=\"font-weight: 400;\">\u00a0<\/p><p style=\"font-weight: 400;\">Vi kan \u00e4ven komma att registrera uppgifter om v\u00e5ra g\u00e4sters \u00f6nskem\u00e5l (till exempel vilken typ av rum eller kudde som \u00f6nskas eller liknande) och om v\u00e5ra g\u00e4sters vanor och intressen \u2013 t.ex. via sociala medier \u2013 i den utstr\u00e4ckning det \u00e4r n\u00f6dv\u00e4ndigt f\u00f6r att kunna erbjuda dem en b\u00e4ttre upplevelse av Johannisholm Adventures tj\u00e4nster och relevanta erbjudanden (till exempel om g\u00e4sten \u00e4r intresserad av mat och dryck eller viss typ av underh\u00e5llning).<\/p><p style=\"font-weight: 400;\">\u00a0<\/p><p><strong>Samtycke<br \/><\/strong>En g\u00e4st samtycker till att Johannisholm Adventure samlar in och behandlar personuppgifter, genom att kryssa i f\u00f6r avsett \u00e4ndam\u00e5l tillhandah\u00e5llen ruta p\u00e5 eller fr\u00e5n Johannisholm Adventures websida eller bokningssystem, i enlighet med vad som framg\u00e5r av dessa villkor godk\u00e4nner g\u00e4sten ocks\u00e5 v\u00e5r integritetspolicy &amp; webplatsvillkor.<\/p><p style=\"font-weight: 400;\">\u00a0<\/p><p style=\"font-weight: 400;\">Om personuppgifter avser n\u00e5gon som \u00e4r under 16 \u00e5r kr\u00e4vs v\u00e5rdnadshavarens samtycke.<\/p><p style=\"font-weight: 400;\">\u00a0<\/p><p style=\"font-weight: 400;\">Den r\u00e4ttsliga grunden f\u00f6r Johannisholm Adventures behandling av personuppgifter \u00e4r s\u00e5ledes den registrerades samtycke.<\/p><p style=\"font-weight: 400;\">\u00a0<\/p><p style=\"font-weight: 400;\">G\u00e4ster kan n\u00e4r som helst \u00e5terkalla sitt samtycke till ytterligare behandling (ej retroaktivt) av g\u00e4sters personuppgifter genom att kontakta Johannisholm Adventure p\u00e5\u00a0info@wp.joholm.se, varp\u00e5 Johannisholm Adventure kommer att f\u00f6rhindra s\u00e5dan<\/p><p style=\"font-weight: 400;\">information fr\u00e5n att forts\u00e4tta behandlas. Johannisholm Adventure avser att f\u00f6lja Datainspektionens direktiv om att \u00e5terkomma inom 30 dagar.<\/p><p style=\"font-weight: 400;\">\u00a0<\/p><p style=\"font-weight: 400;\">G\u00e4ster kan ocks\u00e5 beg\u00e4ra att Johannisholm Adventure inte behandlar g\u00e4stens personuppgifter f\u00f6r marknadsf\u00f6rings\u00e4ndam\u00e5l. G\u00e4ster g\u00f6rs dock uppm\u00e4rksamma p\u00e5 att \u00e5terkallande av samtycke inte p\u00e5verkar behandling som f\u00e5r g\u00f6ras utan samtycke (t.ex. tillhandah\u00e5llande av tj\u00e4nster du best\u00e4llt) men kan leda till att tj\u00e4nsterna inte fungerar som avsett eller att Johannisholm Adventure inte l\u00e4ngre kan tillhandah\u00e5lla dessa.<\/p><p style=\"font-weight: 400;\">\u00a0<\/p><p><strong>Var\u00a0vi lagrar g\u00e4sters personuppgifter<br \/><\/strong>Johannisholm Adventure lagrar personuppgifter i \u00f6verensst\u00e4mmelse med dessa villkor och g\u00e4llande lagstiftning.<\/p><p style=\"font-weight: 400;\">\u00a0<\/p><p style=\"font-weight: 400;\">Johannisholm Adventure lagrar personuppgifter i Beds24, en Online Booking Engine, Channel Manager and Property Management System &#8211;\u00a0<a href=\"http:\/\/beds24.com\/\">http:\/\/beds24.com<\/a>.\u00a0Personuppgifterna l\u00e4ggs in till Bed24 antingen direkt av Johannisholm Adventure eller genom synkronisering med sammarbets partners Booking.com och Expedia. Tillg\u00e5ng till bokningssystemen begr\u00e4nsas till beh\u00f6riga i Johannisholm Adventure genom inloggningsuppgifter. K\u00e4nsliga uppgifter som kreditkort nummer raderas automatiskt av systemen inom tv\u00e5 veckor efter ankomst datum f\u00f6r g\u00e4llande bokningen.<\/p><p style=\"font-weight: 400;\">\u00a0<\/p><p>\u00c4ndam\u00e5l\u00a0med att behandla personuppgifter<\/p><p style=\"font-weight: 400;\">Johannisholm Adventure anv\u00e4nder personuppgifter f\u00f6r att:<\/p><p style=\"font-weight: 400;\">\u00a0<\/p><p style=\"font-weight: 400;\">Administrera, tillhandah\u00e5lla, utveckla och underh\u00e5lla tj\u00e4nsterna vi erbjuder.<\/p><p style=\"font-weight: 400;\">Bearbeta g\u00e4sters bokningar och best\u00e4llningar av tj\u00e4nsterna.<\/p><p style=\"font-weight: 400;\">Kontakta g\u00e4ster via t.ex. SMS, andra mobila applikationer eller e-mail eller f\u00f6r att avisera om bokningsstatus eller information som ansluter till bokningen f\u00f6re, under och efter vistelsen.<\/p><p style=\"font-weight: 400;\">Diagnostisera fel, optimera tekniken och kunna kontakta g\u00e4ster i h\u00e4ndelse av problem med en bokning eller utf\u00f6randet av tj\u00e4nsterna som vi erbjuder.<\/p><p style=\"font-weight: 400;\">Underl\u00e4tta vid framtida bokningar av tj\u00e4nster.<\/p><p style=\"font-weight: 400;\">Analysera och f\u00f6rb\u00e4ttra kvaliteten p\u00e5 och upplevelsen av tj\u00e4nsterna vi erbjuder.<\/p><p style=\"font-weight: 400;\">Informera v\u00e5ra g\u00e4ster om erbjudanden och kampanjer fr\u00e5n Johannisholm Adventure och v\u00e5ra samarbetspartners.<\/p><p style=\"font-weight: 400;\"><strong>Skicka nyhetsbrev.<br \/><\/strong>Individualisera kommunikationen med g\u00e4ster avseende v\u00e5ra tj\u00e4nster t.ex. genom att skapa en profil f\u00f6r g\u00e4ster och skicka erbjudande som passar anv\u00e4ndare av v\u00e5ra tj\u00e4nster.<\/p><p style=\"font-weight: 400;\">Analysera statistik och anv\u00e4ndarbeteenden r\u00f6rande v\u00e5ra tj\u00e4nster.<\/p><p style=\"font-weight: 400;\">\u00d6ka g\u00e4sters nytta och upplevelse av Johannisholm Adventures tj\u00e4nster.<\/p><p>Hur\u00a0l\u00e4nge Johannisholm Adventure sparar personuppgifterna<\/p><p style=\"font-weight: 400;\">Dina personuppgifter sparas i v\u00e5r kunddatabas. Databasen rensas regelbundet fr\u00e5n inaktuella uppgifter eller uppgifter som inte l\u00e4ngre beh\u00f6vs f\u00f6r att vi ska kunna uppfylla v\u00e5ra \u00e5taganden mot dig som kund. F\u00f6r att erbjuda dig en h\u00f6g grad av service, och f\u00f6r att kunna kommunicera med dig om relevanta erbjudanden och kampanjer kan vi dock komma att spara dina uppgifter i upp till tv\u00e5 \u00e5r fr\u00e5n din senaste vistelse hos oss.<\/p><p style=\"font-weight: 400;\">\u00a0<\/p><p><strong>Vilka\u00a0Johannisholm Adventure delar uppgifterna med<br \/><\/strong>Johannisholm Adventure kan l\u00e4mna ut personuppgifter till tredje man, s\u00e5som t.ex. polis eller annan myndighet, om det r\u00f6r utredning av brott eller om Johannisholm Adventure annars \u00e4r skyldigt att l\u00e4mna ut s\u00e5dan uppgift med st\u00f6d av lag eller myndighetsbeslut.<\/p><p style=\"font-weight: 400;\">Johannisholm Adventure kan \u00e4ven komma att l\u00e4mna ut personuppgifter till de underleverant\u00f6rer som Johannisholm Adventure anlitar f\u00f6r att tillhandah\u00e5lla respektive marknadsf\u00f6ra sina tj\u00e4nster. S\u00e5dana underleverant\u00f6rer behandlar personuppgifterna endast f\u00f6r Johannisholm Adventures r\u00e4kning och i enlighet med Johannisholm Adventures instruktioner. Underleverant\u00f6rer har inte r\u00e4tt att anv\u00e4nda dem p\u00e5 n\u00e5got annat s\u00e4tt \u00e4n att f\u00f6lja sitt uppdrag f\u00f6r Johannisholm Adventure.<\/p><p style=\"font-weight: 400;\">\u00a0<\/p><p style=\"font-weight: 400;\">Nuvarande underleverant\u00f6rer som Johannisholm Adventure delar personuppgifter med:<\/p><p style=\"font-weight: 400;\">Inga f\u00f6r tillf\u00e4llet.<\/p><p style=\"font-weight: 400;\">\u00a0<\/p><p><strong>Cookies<br \/><\/strong>Genom att inte st\u00e4nga av cookies i webbl\u00e4saren och forts\u00e4tta anv\u00e4nda webbplatsen samtycker bes\u00f6kare till v\u00e5r anv\u00e4ndning av cookies. Johannisholm Adventure anv\u00e4nder sig av cookies f\u00f6r att lagra information om bes\u00f6karpreferenser, registrera anv\u00e4ndarspecifik information om vilka sidor som anv\u00e4ndaren har bes\u00f6kt, anpassar webbsidans inneh\u00e5ll baserat p\u00e5 bes\u00f6karens webbl\u00e4sare eller annan information som bes\u00f6karen skickar via deras webbl\u00e4sare.<\/p><p style=\"font-weight: 400;\">\u00a0<\/p><p><strong>\u00d6verl\u00e5telse<br \/><\/strong>Om Johannisholm Adventure s\u00e4ljer, omorganiserar eller p\u00e5 annat s\u00e4tt \u00f6verl\u00e5ter hela eller delar av v\u00e5r verksamhet kan g\u00e4sters Personuppgifter komma att \u00f6verl\u00e5tas samtidigt.<\/p><p style=\"font-weight: 400;\">\u00a0<\/p><p><strong>Andra\u00a0webbsidor<br \/><\/strong>P\u00e5 Johannisholm Adventures hemsida kan det f\u00f6rekomma l\u00e4nkar till andra applikationer och\/eller webbsidor som inte kontrolleras av Johannisholm Adventure. Johannisholm Adventure ansvarar inte f\u00f6r inneh\u00e5llet i l\u00e4nkade applikationer\/webbsidor och den behandling av Personuppgifter som eventuellt g\u00f6rs av \u00e4gare eller operat\u00f6rer av l\u00e4nkade webbsidor.<\/p><p style=\"font-weight: 400;\">\u00a0<\/p><p style=\"font-weight: 400;\">Dessa villkor ers\u00e4tter tidigare publicerade villkor.<\/p><p style=\"font-weight: 400;\">Mora i maj 2018<\/p><p style=\"font-weight: 400;\">\u00a0<\/p><p style=\"font-weight: 400;\">Johannisholm Adventure AB<\/p><\/div>\n\t\t\t\t<\/div>\n\t\t\t\t<\/div>\n\t\t\t\t\t\t<\/div>\n\t\t\t\t\t<\/div>\n\t\t<\/div>\n\t\t\t\t\t\t\t\t<\/div>\n\t\t\t\t\t<\/div>\n\t\t<\/section>\n\t\t\t\t\t\t<\/div>\n\t\t\t\t\t\t<\/div>\n\t\t\t\t\t<\/div>","protected":false},"excerpt":{"rendered":"<p>GDPR Ta en underbar morgonpromenad genom o\u00e4ndliga skogen, \u00f6ver upph\u00f6jda myrar och tidigare klara sj\u00f6ar.\u00a0 IntegritetspolicyJohannisholm Adventure tar personlig integritet p\u00e5 st\u00f6rsta allvar och det \u00e4r en viktig angel\u00e4genhet f\u00f6r oss att tillf\u00f6rs\u00e4kra en god s\u00e4kerhet och integritet av de som v\u00e5ra g\u00e4ster l\u00e4mnar till oss eller som vi f\u00e5r p\u00e5 annat s\u00e4tt. Denna integritetspolicy [&hellip;]<\/p>","protected":false},"author":1,"featured_media":0,"parent":0,"menu_order":0,"comment_status":"closed","ping_status":"closed","template":"elementor_header_footer","meta":{"footnotes":""},"class_list":["post-113","page","type-page","status-publish","hentry"],"_links":{"self":[{"href":"https:\/\/wp.joholm.se\/en\/wp-json\/wp\/v2\/pages\/113","targetHints":{"allow":["GET"]}}],"collection":[{"href":"https:\/\/wp.joholm.se\/en\/wp-json\/wp\/v2\/pages"}],"about":[{"href":"https:\/\/wp.joholm.se\/en\/wp-json\/wp\/v2\/types\/page"}],"author":[{"embeddable":true,"href":"https:\/\/wp.joholm.se\/en\/wp-json\/wp\/v2\/users\/1"}],"replies":[{"embeddable":true,"href":"https:\/\/wp.joholm.se\/en\/wp-json\/wp\/v2\/comments?post=113"}],"version-history":[{"count":4,"href":"https:\/\/wp.joholm.se\/en\/wp-json\/wp\/v2\/pages\/113\/revisions"}],"predecessor-version":[{"id":117,"href":"https:\/\/wp.joholm.se\/en\/wp-json\/wp\/v2\/pages\/113\/revisions\/117"}],"wp:attachment":[{"href":"https:\/\/wp.joholm.se\/en\/wp-json\/wp\/v2\/media?parent=113"}],"curies":[{"name":"wp","href":"https:\/\/api.w.org\/{rel}","templated":true}]}}